{"id":3,"date":"2022-04-12T18:24:29","date_gmt":"2022-04-12T18:24:29","guid":{"rendered":"https:\/\/oldtimerclub-hitzkirch.ch\/?page_id=3"},"modified":"2022-04-12T18:28:30","modified_gmt":"2022-04-12T18:28:30","slug":"privacy-policy","status":"publish","type":"page","link":"https:\/\/oldtimerclub-hitzkirch.ch\/?page_id=3","title":{"rendered":"Impressum"},"content":{"rendered":"\n\n\n\n\nBetreiber: <br>\nFeuerwehr Oldtimer Club Hitzkirch<br>\nPr\u00e4sident<br>\nLuzernerstrasse 31<br>\n6285 Hitzkirch<br>\n<br>\nKonzeption, Gestaltung, Inhalt:<br>\nFeuerwehr Oldtimer Club Hitzkirch<br>\nMichael Stocker<br>\nBahnhofstrasse 13b<br>\n6285 Hitzkirch<br>\n<br>\nWir \u00fcbernehmen keine Haftung f\u00fcr die Zugangsm\u00f6glichkeit oder deren Zugangsqualit\u00e4t sowie die Art der Darstellung. Downloaden erfolgt auf eigene Gefahr. F\u00fcr den Inhalt unserer Webseite haften wir nur bez\u00fcglich Vorsatz und grober Fahrl\u00e4ssigkeit sowie begrenzt f\u00fcr den typisch vorhersehbaren Schaden. Trotz sorgf\u00e4ltiger inhaltlicher Kontrolle \u00fcbernehmen wir keine Haftung f\u00fcr die Inhalte externer Links. F\u00fcr die Inhalte verlinkter Seiten au\u00dferhalb unseres Angebots \u00fcbernehmen wir keine Haftung. F\u00fcr den Inhalt der verlinkten Seiten sind ausschlie\u00dflich deren Betreiber verantwortlich.\n\n\n","protected":false},"excerpt":{"rendered":"","protected":false},"author":1,"featured_media":0,"parent":0,"menu_order":0,"comment_status":"closed","ping_status":"closed","template":"","meta":{"pagelayer_contact_templates":[],"_pagelayer_content":"","footnotes":""},"class_list":["post-3","page","type-page","status-publish","hentry"],"_links":{"self":[{"href":"https:\/\/oldtimerclub-hitzkirch.ch\/index.php?rest_route=\/wp\/v2\/pages\/3","targetHints":{"allow":["GET"]}}],"collection":[{"href":"https:\/\/oldtimerclub-hitzkirch.ch\/index.php?rest_route=\/wp\/v2\/pages"}],"about":[{"href":"https:\/\/oldtimerclub-hitzkirch.ch\/index.php?rest_route=\/wp\/v2\/types\/page"}],"author":[{"embeddable":true,"href":"https:\/\/oldtimerclub-hitzkirch.ch\/index.php?rest_route=\/wp\/v2\/users\/1"}],"replies":[{"embeddable":true,"href":"https:\/\/oldtimerclub-hitzkirch.ch\/index.php?rest_route=%2Fwp%2Fv2%2Fcomments&post=3"}],"version-history":[{"count":3,"href":"https:\/\/oldtimerclub-hitzkirch.ch\/index.php?rest_route=\/wp\/v2\/pages\/3\/revisions"}],"predecessor-version":[{"id":92,"href":"https:\/\/oldtimerclub-hitzkirch.ch\/index.php?rest_route=\/wp\/v2\/pages\/3\/revisions\/92"}],"wp:attachment":[{"href":"https:\/\/oldtimerclub-hitzkirch.ch\/index.php?rest_route=%2Fwp%2Fv2%2Fmedia&parent=3"}],"curies":[{"name":"wp","href":"https:\/\/api.w.org\/{rel}","templated":true}]}}