{"id":27,"date":"2022-02-22T08:05:09","date_gmt":"2022-02-22T08:05:09","guid":{"rendered":"https:\/\/oldtimerclub-hitzkirch.ch\/contact\/"},"modified":"2022-04-12T18:04:09","modified_gmt":"2022-04-12T18:04:09","slug":"contact","status":"publish","type":"page","link":"https:\/\/oldtimerclub-hitzkirch.ch\/?page_id=27","title":{"rendered":"Kontakt"},"content":{"rendered":"\n\n\n<h2>Kontaktiere uns<\/h2>\nHast du Fragen zu unseren Fahrzeugen und Ger\u00e4ten oder m\u00f6chtest du uns Unterst\u00fctzen, so z\u00f6gere nicht uns zu kontaktieren.\n\n\n<h5>Hinterlasse uns eine Mitteilung<\/h5>\n\n\n\n\n\n\n\n\n<h5>Adresse<\/h5>\n\n\n\n\n\n\n","protected":false},"excerpt":{"rendered":"","protected":false},"author":0,"featured_media":0,"parent":0,"menu_order":0,"comment_status":"closed","ping_status":"closed","template":"","meta":{"pagelayer_contact_templates":{"1hb9595":{"cont_subject":"contact form page","cont_header":"$name,$email,$phone,$message","cont_use_html":"true"}},"_pagelayer_content":"","footnotes":""},"class_list":["post-27","page","type-page","status-publish","hentry"],"_links":{"self":[{"href":"https:\/\/oldtimerclub-hitzkirch.ch\/index.php?rest_route=\/wp\/v2\/pages\/27","targetHints":{"allow":["GET"]}}],"collection":[{"href":"https:\/\/oldtimerclub-hitzkirch.ch\/index.php?rest_route=\/wp\/v2\/pages"}],"about":[{"href":"https:\/\/oldtimerclub-hitzkirch.ch\/index.php?rest_route=\/wp\/v2\/types\/page"}],"replies":[{"embeddable":true,"href":"https:\/\/oldtimerclub-hitzkirch.ch\/index.php?rest_route=%2Fwp%2Fv2%2Fcomments&post=27"}],"version-history":[{"count":4,"href":"https:\/\/oldtimerclub-hitzkirch.ch\/index.php?rest_route=\/wp\/v2\/pages\/27\/revisions"}],"predecessor-version":[{"id":84,"href":"https:\/\/oldtimerclub-hitzkirch.ch\/index.php?rest_route=\/wp\/v2\/pages\/27\/revisions\/84"}],"wp:attachment":[{"href":"https:\/\/oldtimerclub-hitzkirch.ch\/index.php?rest_route=%2Fwp%2Fv2%2Fmedia&parent=27"}],"curies":[{"name":"wp","href":"https:\/\/api.w.org\/{rel}","templated":true}]}}